{"id":7,"date":"2025-12-05T10:10:46","date_gmt":"2025-12-05T10:10:46","guid":{"rendered":"https:\/\/demo2.enestedt-playground.se\/?page_id=7"},"modified":"2025-12-05T15:15:56","modified_gmt":"2025-12-05T15:15:56","slug":"inforlag","status":"publish","type":"page","link":"https:\/\/demo2.enestedt-playground.se\/","title":{"rendered":"INF\u00f6rlag"},"content":{"rendered":"<div class=\"fusion-fullwidth fullwidth-box fusion-builder-row-1 fusion-flex-container has-pattern-background has-mask-background fusion-parallax-none hundred-percent-fullwidth non-hundred-percent-height-scrolling\" style=\"--awb-border-radius-top-left:0px;--awb-border-radius-top-right:0px;--awb-border-radius-bottom-right:0px;--awb-border-radius-bottom-left:0px;--awb-min-height:100vh;--awb-background-image:url(&quot;https:\/\/demo2.enestedt-playground.se\/wp-content\/uploads\/2025\/12\/bakgrund_2000x1200-300x180.jpg&quot;);--awb-background-size:cover;--awb-flex-wrap:wrap;\" ><div class=\"fusion-builder-row fusion-row fusion-flex-align-items-stretch fusion-flex-justify-content-center fusion-flex-content-wrap\" style=\"width:104% !important;max-width:104% !important;margin-left: calc(-4% \/ 2 );margin-right: calc(-4% \/ 2 );\"><div class=\"fusion-layout-column fusion_builder_column fusion-builder-column-0 fusion_builder_column_2_3 2_3 fusion-flex-column fusion-flex-align-self-center\" style=\"--awb-padding-top:60px;--awb-padding-right:60px;--awb-padding-bottom:60px;--awb-padding-left:60px;--awb-padding-top-small:10px;--awb-padding-right-small:10px;--awb-padding-bottom-small:10px;--awb-padding-left-small:10px;--awb-bg-color:#ffffff;--awb-bg-color-hover:#ffffff;--awb-bg-size:cover;--awb-width-large:66.666666666667%;--awb-margin-top-large:0px;--awb-spacing-right-large:2.88%;--awb-margin-bottom-large:20px;--awb-spacing-left-large:2.88%;--awb-width-medium:66.666666666667%;--awb-order-medium:0;--awb-margin-top-medium:30px;--awb-spacing-right-medium:2.88%;--awb-spacing-left-medium:2.88%;--awb-width-small:100%;--awb-order-small:0;--awb-margin-top-small:30px;--awb-spacing-right-small:1.92%;--awb-spacing-left-small:1.92%;\" data-scroll-devices=\"small-visibility,medium-visibility,large-visibility\"><div class=\"fusion-column-wrapper fusion-column-has-shadow fusion-flex-justify-content-center fusion-content-layout-column\"><div class=\"fusion-title title fusion-title-1 fusion-sep-none fusion-title-text fusion-title-size-one\"><h1 class=\"fusion-title-heading title-heading-left\" style=\"margin:0;\">Testa Teknikhandboken VVS -AI<\/h1><\/div><div class=\"fusion-text fusion-text-1\"><p>H\u00e4r kan du testa en AI-l\u00f6sning f\u00f6r <a style=\"color: #3cb1e2;\" href=\"https:\/\/demo2.enestedt-playground.se\/wp-content\/uploads\/2025\/12\/M8510-56-THB-2026-omslag.pdf\" target=\"_blank\" rel=\"noopener\">THB VVS utg\u00e5va 22<\/a>. St\u00e4ll g\u00e4rna lite knepiga fr\u00e5gor.<\/p>\n<p>Du kan ocks\u00e5 be AI visa en bild \u2013 alla bilder \u00e4r ocks\u00e5 inlagda.<\/p>\n<p>Gl\u00f6m inte ge tummen upp om du anser att svaret \u00e4r korrekt och tummen ner om svaret \u00e4r felaktigt.<\/p>\n<p>Mejla g\u00e4rna mig en fr\u00e5ga och ett korrekt svar om du finner n\u00e5gra felaktigheter. <a style=\"color: #3cb1e2;\" href=\"mailto:Johan.Lysholm@in.se\" target=\"_blank\" rel=\"noopener\">Johan.Lysholm@in.se<\/a><\/p>\n<\/div><div class=\"fusion-text fusion-text-2\" style=\"--awb-font-size:14px;--awb-margin-top:20px;\"><p>OBS! Detta \u00e4r en demosida f\u00f6r Teknikhandboken VVS (AI) som senare kommer finnas som hj\u00e4lp n\u00e4r man k\u00f6pt boken och loggat in.<\/p>\n<\/div><\/div><\/div><div class=\"fusion-layout-column fusion_builder_column fusion-builder-column-1 fusion_builder_column_1_3 1_3 fusion-flex-column\" style=\"--awb-bg-image:url(&#039;https:\/\/demo2.enestedt-playground.se\/wp-content\/uploads\/2025\/12\/thb-apphand_2026.png&#039;);--awb-bg-size:cover;--awb-width-large:33.333333333333%;--awb-margin-top-large:0px;--awb-spacing-right-large:0px;--awb-margin-bottom-large:0px;--awb-spacing-left-large:5.76%;--awb-width-medium:33.333333333333%;--awb-order-medium:0;--awb-spacing-right-medium:0px;--awb-spacing-left-medium:5.76%;--awb-width-small:100%;--awb-order-small:0;--awb-spacing-right-small:1.92%;--awb-spacing-left-small:1.92%;\" data-scroll-devices=\"small-visibility,medium-visibility,large-visibility\"><div class=\"fusion-column-wrapper fusion-column-has-shadow fusion-flex-justify-content-flex-start fusion-content-layout-column fusion-empty-column-bg-image fusion-column-has-bg-image\" data-bg-url=\"https:\/\/demo2.enestedt-playground.se\/wp-content\/uploads\/2025\/12\/thb-apphand_2026.png\"><img decoding=\"async\" class=\"fusion-empty-dims-img-placeholder fusion-no-large-visibility fusion-no-medium-visibility\" aria-label=\"thb-apphand_2026\" src=\"data:image\/svg+xml,%3Csvg%20xmlns%3D%27http%3A%2F%2Fwww.w3.org%2F2000%2Fsvg%27%20width%3D%271199%27%20height%3D%271329%27%20viewBox%3D%270%200%201199%201329%27%3E%3Crect%20width%3D%271199%27%20height%3D%271329%27%20fill-opacity%3D%220%22%2F%3E%3C%2Fsvg%3E\"><\/div><\/div><\/div><\/div>\n","protected":false},"excerpt":{"rendered":"","protected":false},"author":1,"featured_media":0,"parent":0,"menu_order":0,"comment_status":"closed","ping_status":"closed","template":"100-width.php","meta":{"footnotes":""},"class_list":["post-7","page","type-page","status-publish","hentry"],"_links":{"self":[{"href":"https:\/\/demo2.enestedt-playground.se\/index.php?rest_route=\/wp\/v2\/pages\/7","targetHints":{"allow":["GET"]}}],"collection":[{"href":"https:\/\/demo2.enestedt-playground.se\/index.php?rest_route=\/wp\/v2\/pages"}],"about":[{"href":"https:\/\/demo2.enestedt-playground.se\/index.php?rest_route=\/wp\/v2\/types\/page"}],"author":[{"embeddable":true,"href":"https:\/\/demo2.enestedt-playground.se\/index.php?rest_route=\/wp\/v2\/users\/1"}],"replies":[{"embeddable":true,"href":"https:\/\/demo2.enestedt-playground.se\/index.php?rest_route=%2Fwp%2Fv2%2Fcomments&post=7"}],"version-history":[{"count":4,"href":"https:\/\/demo2.enestedt-playground.se\/index.php?rest_route=\/wp\/v2\/pages\/7\/revisions"}],"predecessor-version":[{"id":56,"href":"https:\/\/demo2.enestedt-playground.se\/index.php?rest_route=\/wp\/v2\/pages\/7\/revisions\/56"}],"wp:attachment":[{"href":"https:\/\/demo2.enestedt-playground.se\/index.php?rest_route=%2Fwp%2Fv2%2Fmedia&parent=7"}],"curies":[{"name":"wp","href":"https:\/\/api.w.org\/{rel}","templated":true}]}}